{"id":1930,"date":"2023-02-01T20:18:42","date_gmt":"2023-02-01T20:18:42","guid":{"rendered":"https:\/\/www.realamorgos.gr\/circa\/"},"modified":"2023-12-06T20:03:51","modified_gmt":"2023-12-06T20:03:51","slug":"about","status":"publish","type":"page","link":"https:\/\/www.realamorgos.gr\/it\/about\/","title":{"rendered":"Il nostro ufficio"},"content":{"rendered":"\t\t<div id=\"maxslider-block-a71511-4b\" class=\"wp-block-maxslider-slider maxslider-block-a71511-4b \">\n\t\t\t<div\n\tid=\"maxslider-1994\"\n\tclass=\"maxslider\"\n\tdata-autoslide=\"true\" data-effect=\"fade\" data-slide-speed=\"5000\" data-height=\"\" data-height_unit=\"px\" data-navigation=\"arrows\" data-navigation_fg_color=\"\" data-navigation_bg_color=\"\" data-image_size=\"maxslider_slide\" data-arrows=\"1\" data-arrows_fg_color=\"\" data-arrows_bg_color=\"\" >\n\t\t<div class=\"maxslider-slide maxslider-1994-slide-0\">\n\t\t<div class=\"maxslider-slide-content maxslider-align-center maxslider-align-middle\">\n\t\t\t<div class=\"maxslider-slide-content-pad\">\n\t\t\t\t\t\t\t\t\t<h3 class=\"maxslider-slide-title\">\n\t\t\t\t\t\tNell&#8217;Isola dell&#8217;Infinito Blu\t\t\t\t\t<\/h3>\n\t\t\t\t\n\t\t\t\t\n\t\t\t\t\t\t\t<\/div>\n\t\t<\/div>\n\t<\/div>\n\t<div class=\"maxslider-slide maxslider-1994-slide-1\">\n\t\t<div class=\"maxslider-slide-content maxslider-align-center maxslider-align-middle\">\n\t\t\t<div class=\"maxslider-slide-content-pad\">\n\t\t\t\t\t\t\t\t\t<h3 class=\"maxslider-slide-title\">\n\t\t\t\t\t\tScopri il sogno\t\t\t\t\t<\/h3>\n\t\t\t\t\n\t\t\t\t\n\t\t\t\t\t\t\t<\/div>\n\t\t<\/div>\n\t<\/div>\n\t<div class=\"maxslider-slide maxslider-1994-slide-2\">\n\t\t<div class=\"maxslider-slide-content maxslider-align-center maxslider-align-middle\">\n\t\t\t<div class=\"maxslider-slide-content-pad\">\n\t\t\t\t\t\t\t\t\t<h3 class=\"maxslider-slide-title\">\n\t\t\t\t\t\tVivi l&#8217;esperienza\t\t\t\t\t<\/h3>\n\t\t\t\t\n\t\t\t\t\n\t\t\t\t\t\t\t<\/div>\n\t\t<\/div>\n\t<\/div>\n<\/div>\n\t\t<\/div>\n\t\t\n<h2 class=\"wp-block-heading\">NOMIKOS NIKOLAOS IMMOBILIARE<\/h2>\n\n<p>All&#8217;ufficio Realamorgos siamo orgogliosi di continuare ad essere l&#8217;agenzia immobiliare di riferimento per chi cerca una propriet\u00e0 qui sulle isole di Amorgos e nelle Piccole Cicladi. Se state cercando la migliore propriet\u00e0 ad Amorgos e nelle Piccole Cicladi, Nomikos Nikolaos Real Estate \u00e8 qui per aiutarvi, e abbiamo scelte per la vostra propriet\u00e0 ideale (ville, case vacanze, appartamenti, case a schiera, case indipendenti, progetti di ristrutturazione, case di nuova costruzione, sviluppi fuori piano, terreni edificabili e propriet\u00e0 commerciali, sull&#8217;isola di Amorgos e nelle Piccole Cicladi). Consultate il nostro ampio portafoglio di propriet\u00e0 in vendita. Qualunque cosa stiate cercando, ci impegneremo a trovare la propriet\u00e0 perfetta per voi.  <\/p>\n\n<p>La societ\u00e0 immobiliare Nomikos Nikolaos \u00e8 composta da esperti agenti immobiliari che gestiscono propriet\u00e0 residenziali e commerciali nell&#8217;isola di Amorgos, in Grecia.<\/p>\n\n<p>L&#8217;azienda \u00e8 attiva anche nel campo delle costruzioni, delle autorizzazioni edilizie e delle ristrutturazioni.  <\/p>\n\n<p>Con oltre 10 anni di esperienza, la nostra azienda garantisce:<\/p>\n\n<ul class=\"wp-block-list\">\n<li>Gravit\u00e0<\/li>\n\n\n\n<li>Capacit\u00e0<\/li>\n\n\n\n<li>Coerenza<\/li>\n\n\n\n<li>Basso costo<\/li>\n\n\n\n<li>Clienti soddisfatti<\/li>\n<\/ul>\n\n<p>Inoltre, gestiamo un ufficio legale e fiscale, al fine di aiutare i nostri clienti a completare una transazione immobiliare in Grecia, occupandoci di tutte le procedure, per trarre vantaggio dalla legge greca, evitando qualsiasi tipo di burocrazia.<br\/><br\/>Per coloro che sono interessati a combinare una propriet\u00e0 in Grecia con un permesso di soggiorno europeo di 5 anni (Golden Visa), la nostra azienda ha le conoscenze per fare un&#8217;offerta unica per un permesso di soggiorno europeo, a partire da soli 250.000 \u20ac a persona.<\/p>\n\n<p><\/p>\n\n<h2 class=\"wp-block-heading\">L&#8217;ISOLA DI AMORGOS<\/h2>\n\n<p>Amorgos<a href=\"https:\/\/en.wikipedia.org\/wiki\/Greek_language\" target=\"_blank\" rel=\"noreferrer noopener\">(in greco<\/a>: \u0391\u03bc\u03bf\u03c1\u03b3\u03cc\u03c2) \u00e8 l&#8217;isola pi\u00f9 orientale del gruppo insulare <a href=\"https:\/\/en.wikipedia.org\/wiki\/Greece\" target=\"_blank\" rel=\"noreferrer noopener\">greco<\/a> <a href=\"https:\/\/en.wikipedia.org\/wiki\/Cyclades\" target=\"_blank\" rel=\"noreferrer noopener\">delle Cicladi<\/a> e l&#8217;isola pi\u00f9 vicina al vicino gruppo insulare <a href=\"https:\/\/en.wikipedia.org\/wiki\/Dodecanese\" target=\"_blank\" rel=\"noreferrer noopener\">del Dodecaneso<\/a>. Insieme a diversi isolotti vicini, il pi\u00f9 grande dei quali \u00e8 l&#8217;isola di Nikouria, comprende il <a href=\"https:\/\/en.wikipedia.org\/wiki\/Communities_and_Municipalities_of_Greece\" target=\"_blank\" rel=\"noreferrer noopener\">comune<\/a> di Amorgos, che ha una superficie di 126,346 chilometri quadrati (48,782 miglia quadrate) e una popolazione di 1.973 abitanti (censimento 2011).<\/p>\n\n<p>Grazie alla posizione di Amorgos di fronte alle antiche spiagge delle citt\u00e0 ioniche, come Militos, Alikarnassos ed Efeso, divenne uno dei primi luoghi da cui gli Ioni passarono alle isole Cicladi e alla terraferma greca.<\/p>\n\n<p>Nel corso della storia, Amorgos era conosciuta anche come Yperia, Patagy, o Platagy, Pagali, Psichia e Karkisia.<\/p>\n\n<p>Amorgos presenta molti resti di antiche civilt\u00e0. All&#8217;epoca della Grecia arcaica esistevano tre citt\u00e0-stato indipendenti. Si ritiene che avessero costituzioni autonome ma la stessa moneta. Amorgos si distingue per le dimensioni e la qualit\u00e0 delle mura che circondano la citt\u00e0 di Arkesini, per le antiche torri i cui resti sono sparsi su tutta l&#8217;isola, per le antiche tombe, gli utensili in pietra, le iscrizioni, i vasi e altre antichit\u00e0.<\/p>\n\n<p>A causa del nome Minoa si sospetta che Amorgos sia stata colonizzata dai cretesi fin dall&#8217;antichit\u00e0,[citation needed] ma non ci sono resti archeologici a sostegno di questa tesi.<\/p>\n\n<p><\/p>\n\n<p><strong>Primo periodo cicladico<\/strong><\/p>\n\n<p>Statuetta Dokathismata, primo Cicladico II, fase di Syros (2800-2300 a.C.). Museo d&#8217;arte cicladica Goulandris<\/p>\n\n<p>In questo periodo sono noti quasi una dozzina di centri abitati distinti. Amorgos \u00e8 l&#8217;origine di molte famose statuette cicladiche. Le statuette &#8220;stile Dokathismata&#8221; sono state originariamente trovate qui. Sculture cicladiche sono state scoperte nei cimiteri di Aghia Paraskevi, Aghios Pavlos, Dokathismata, Kapros, Kapsala, Nikouria e Stavros.<\/p>\n\n<p>Le &#8220;statuette cicladiche di Kapsala&#8221;, risalenti al 2700 a.C. circa, prendono il nome da un luogo di ritrovamento ad Amorgos. Questo \u00e8 il primo dei &#8220;tipi canonici&#8221;: una donna sdraiata con le braccia conserte. Tendono ad avere proporzioni snelle e allungate. In questo momento, le caratteristiche anatomiche come le braccia sono modellate tridimensionalmente. Nelle tipologie pi\u00f9 tarde, gli scultori tendono a rendere questa caratteristica con linee incise.<\/p>\n\n<p>Le &#8220;figurine cicladiche Dokathismata&#8221; risalgono a un periodo pi\u00f9 tardo, tra il 2400 e il 2100 a.C.. Rispetto alle statuette del tipo Spedos &#8211; il tipo di statuette pi\u00f9 comune e rinomato, caratterizzato da forme finemente modellate e in qualche modo arrotondate &#8211; le statuette del tipo Dokathismata tendono ad avere una silhouette pi\u00f9 snella e talvolta spigolosa.<\/p>\n\n<p><\/p>\n\n<p><strong>Periodo classico<\/strong><\/p>\n\n<p><\/p>\n\n<p>Una parte dell&#8217;isola prende il nome di Aspis, dove sorgeva l&#8217;antico tempio della dea Afrodite.<\/p>\n\n<p>Nel 630 a.C. circa, il poeta Semonide guid\u00f2 la fondazione di una colonia samiana ad Amorgos. Il Periplus dello Pseudo-Scylax la cita come Tripolis. Con il passare del tempo, il nome dell&#8217;isola cambi\u00f2 in Amolgon e Amourgon. Nel V secolo, il vescovo Teodoro, che partecip\u00f2 a un sinodo a Costantinopoli, si firm\u00f2 come vescovo dei Pari, dei Sifni e degli Amoulgi. Era conosciuta con il nome di Yamurgi durante il dominio ottomano tra il 1566 e il 1829.<\/p>\n\n<p>Il 9 luglio 1956 si verific\u00f2 un terremoto molto forte che gener\u00f2 uno tsunami locale di 30 metri. La scossa ha avuto una magnitudo momentanea di 7,8 e un&#8217;intensit\u00e0 massima Mercalli di IX (violenta). Cinquantatr\u00e9 persone sono state uccise e 100 sono rimaste ferite.<\/p>\n\n<p><strong>Punti di riferimento<\/strong><\/p>\n\n<p>Il monastero di Panagia Hozoviotissa \u00e8 situato sul lato della scogliera, a nord-est di Chora. Fu costruita all&#8217;inizio del secondo millennio per proteggere un&#8217;icona religiosa, risalente all&#8217;anno 812, dagli intrusi. L&#8217;icona \u00e8 esposta al pubblico all&#8217;interno del monastero. Orario di apertura ai visitatori tutti i giorni dalle 8:00 alle 13:00 e dalle 17:00 alle 19:00. I visitatori devono essere vestiti in modo decoroso per poter entrare. Gli uomini devono indossare pantaloni lunghi e le donne una gonna o un abito avvolgente fino al ginocchio, non i pantaloni. Tuttavia, il cambiamento potrebbe essere in corso con i pantaloni. A luglio 2012, il monastero \u00e8 attivo e ospita tre monaci praticanti.<\/p>\n\n<p>Il turismo sta crescendo lentamente, anche se le caratteristiche dell&#8217;isola impediscono il turismo di massa. L&#8217;isola \u00e8 accessibile solo in barca. I 3 principali luoghi di accoglienza turistica sono Katapola, Aegiali e Chora. Le vie escursionistiche sono relativamente ben tenute. Altre attivit\u00e0 sono le immersioni subacquee, le attivit\u00e0 legate al benessere e le spiagge (anche se non sono l&#8217;attrazione principale dell&#8217;isola rispetto ad altre isole greche).<\/p>\n","protected":false},"excerpt":{"rendered":"<p>NOMIKOS NIKOLAOS IMMOBILIARE All&#8217;ufficio Realamorgos siamo orgogliosi di continuare ad essere l&#8217;agenzia immobiliare di riferimento per chi cerca una propriet\u00e0 qui sulle isole di Amorgos e nelle Piccole Cicladi. Se state cercando la migliore propriet\u00e0 [&hellip;]<\/p>\n","protected":false},"author":1,"featured_media":0,"parent":0,"menu_order":0,"comment_status":"closed","ping_status":"closed","template":"","meta":{"footnotes":""},"class_list":["post-1930","page","type-page","status-publish","hentry"],"yoast_head":"<!-- This site is optimized with the Yoast SEO plugin v27.5 - https:\/\/yoast.com\/product\/yoast-seo-wordpress\/ -->\n<title>Il nostro ufficio - Real Amorgos<\/title>\n<meta name=\"robots\" content=\"index, follow, max-snippet:-1, max-image-preview:large, max-video-preview:-1\" \/>\n<link rel=\"canonical\" href=\"https:\/\/www.realamorgos.gr\/it\/about\/\" \/>\n<meta property=\"og:locale\" content=\"it_IT\" \/>\n<meta property=\"og:type\" content=\"article\" \/>\n<meta property=\"og:title\" content=\"Il nostro ufficio - Real Amorgos\" \/>\n<meta property=\"og:description\" content=\"NOMIKOS NIKOLAOS IMMOBILIARE All&#8217;ufficio Realamorgos siamo orgogliosi di continuare ad essere l&#8217;agenzia immobiliare di riferimento per chi cerca una propriet\u00e0 qui sulle isole di Amorgos e nelle Piccole Cicladi. Se state cercando la migliore propriet\u00e0 [&hellip;]\" \/>\n<meta property=\"og:url\" content=\"https:\/\/www.realamorgos.gr\/it\/about\/\" \/>\n<meta property=\"og:site_name\" content=\"Real Amorgos\" \/>\n<meta property=\"article:modified_time\" content=\"2023-12-06T20:03:51+00:00\" \/>\n<meta name=\"twitter:card\" content=\"summary_large_image\" \/>\n<meta name=\"twitter:label1\" content=\"Tempo di lettura stimato\" \/>\n\t<meta name=\"twitter:data1\" content=\"5 minuti\" \/>\n<script type=\"application\/ld+json\" class=\"yoast-schema-graph\">{\"@context\":\"https:\\\/\\\/schema.org\",\"@graph\":[{\"@type\":\"WebPage\",\"@id\":\"https:\\\/\\\/www.realamorgos.gr\\\/it\\\/about\\\/\",\"url\":\"https:\\\/\\\/www.realamorgos.gr\\\/it\\\/about\\\/\",\"name\":\"Il nostro ufficio - Real Amorgos\",\"isPartOf\":{\"@id\":\"https:\\\/\\\/www.realamorgos.gr\\\/it\\\/#website\"},\"datePublished\":\"2023-02-01T20:18:42+00:00\",\"dateModified\":\"2023-12-06T20:03:51+00:00\",\"breadcrumb\":{\"@id\":\"https:\\\/\\\/www.realamorgos.gr\\\/it\\\/about\\\/#breadcrumb\"},\"inLanguage\":\"it-IT\",\"potentialAction\":[{\"@type\":\"ReadAction\",\"target\":[\"https:\\\/\\\/www.realamorgos.gr\\\/it\\\/about\\\/\"]}]},{\"@type\":\"BreadcrumbList\",\"@id\":\"https:\\\/\\\/www.realamorgos.gr\\\/it\\\/about\\\/#breadcrumb\",\"itemListElement\":[{\"@type\":\"ListItem\",\"position\":1,\"name\":\"Home\",\"item\":\"https:\\\/\\\/www.realamorgos.gr\\\/it\\\/\"},{\"@type\":\"ListItem\",\"position\":2,\"name\":\"Il nostro ufficio\"}]},{\"@type\":\"WebSite\",\"@id\":\"https:\\\/\\\/www.realamorgos.gr\\\/it\\\/#website\",\"url\":\"https:\\\/\\\/www.realamorgos.gr\\\/it\\\/\",\"name\":\"Real Amorgos\",\"description\":\"Real Estate\",\"potentialAction\":[{\"@type\":\"SearchAction\",\"target\":{\"@type\":\"EntryPoint\",\"urlTemplate\":\"https:\\\/\\\/www.realamorgos.gr\\\/it\\\/?s={search_term_string}\"},\"query-input\":{\"@type\":\"PropertyValueSpecification\",\"valueRequired\":true,\"valueName\":\"search_term_string\"}}],\"inLanguage\":\"it-IT\"}]}<\/script>\n<!-- \/ Yoast SEO plugin. -->","yoast_head_json":{"title":"Il nostro ufficio - Real Amorgos","robots":{"index":"index","follow":"follow","max-snippet":"max-snippet:-1","max-image-preview":"max-image-preview:large","max-video-preview":"max-video-preview:-1"},"canonical":"https:\/\/www.realamorgos.gr\/it\/about\/","og_locale":"it_IT","og_type":"article","og_title":"Il nostro ufficio - Real Amorgos","og_description":"NOMIKOS NIKOLAOS IMMOBILIARE All&#8217;ufficio Realamorgos siamo orgogliosi di continuare ad essere l&#8217;agenzia immobiliare di riferimento per chi cerca una propriet\u00e0 qui sulle isole di Amorgos e nelle Piccole Cicladi. Se state cercando la migliore propriet\u00e0 [&hellip;]","og_url":"https:\/\/www.realamorgos.gr\/it\/about\/","og_site_name":"Real Amorgos","article_modified_time":"2023-12-06T20:03:51+00:00","twitter_card":"summary_large_image","twitter_misc":{"Tempo di lettura stimato":"5 minuti"},"schema":{"@context":"https:\/\/schema.org","@graph":[{"@type":"WebPage","@id":"https:\/\/www.realamorgos.gr\/it\/about\/","url":"https:\/\/www.realamorgos.gr\/it\/about\/","name":"Il nostro ufficio - Real Amorgos","isPartOf":{"@id":"https:\/\/www.realamorgos.gr\/it\/#website"},"datePublished":"2023-02-01T20:18:42+00:00","dateModified":"2023-12-06T20:03:51+00:00","breadcrumb":{"@id":"https:\/\/www.realamorgos.gr\/it\/about\/#breadcrumb"},"inLanguage":"it-IT","potentialAction":[{"@type":"ReadAction","target":["https:\/\/www.realamorgos.gr\/it\/about\/"]}]},{"@type":"BreadcrumbList","@id":"https:\/\/www.realamorgos.gr\/it\/about\/#breadcrumb","itemListElement":[{"@type":"ListItem","position":1,"name":"Home","item":"https:\/\/www.realamorgos.gr\/it\/"},{"@type":"ListItem","position":2,"name":"Il nostro ufficio"}]},{"@type":"WebSite","@id":"https:\/\/www.realamorgos.gr\/it\/#website","url":"https:\/\/www.realamorgos.gr\/it\/","name":"Real Amorgos","description":"Real Estate","potentialAction":[{"@type":"SearchAction","target":{"@type":"EntryPoint","urlTemplate":"https:\/\/www.realamorgos.gr\/it\/?s={search_term_string}"},"query-input":{"@type":"PropertyValueSpecification","valueRequired":true,"valueName":"search_term_string"}}],"inLanguage":"it-IT"}]}},"_links":{"self":[{"href":"https:\/\/www.realamorgos.gr\/it\/wp-json\/wp\/v2\/pages\/1930","targetHints":{"allow":["GET"]}}],"collection":[{"href":"https:\/\/www.realamorgos.gr\/it\/wp-json\/wp\/v2\/pages"}],"about":[{"href":"https:\/\/www.realamorgos.gr\/it\/wp-json\/wp\/v2\/types\/page"}],"author":[{"embeddable":true,"href":"https:\/\/www.realamorgos.gr\/it\/wp-json\/wp\/v2\/users\/1"}],"replies":[{"embeddable":true,"href":"https:\/\/www.realamorgos.gr\/it\/wp-json\/wp\/v2\/comments?post=1930"}],"version-history":[{"count":8,"href":"https:\/\/www.realamorgos.gr\/it\/wp-json\/wp\/v2\/pages\/1930\/revisions"}],"predecessor-version":[{"id":2457,"href":"https:\/\/www.realamorgos.gr\/it\/wp-json\/wp\/v2\/pages\/1930\/revisions\/2457"}],"wp:attachment":[{"href":"https:\/\/www.realamorgos.gr\/it\/wp-json\/wp\/v2\/media?parent=1930"}],"curies":[{"name":"wp","href":"https:\/\/api.w.org\/{rel}","templated":true}]}}