{"id":1926,"date":"2023-02-01T20:18:42","date_gmt":"2023-02-01T20:18:42","guid":{"rendered":"https:\/\/www.realamorgos.gr\/a-propos-de\/"},"modified":"2023-12-03T19:09:29","modified_gmt":"2023-12-03T19:09:29","slug":"about","status":"publish","type":"page","link":"https:\/\/www.realamorgos.gr\/fr\/about\/","title":{"rendered":"A propos de"},"content":{"rendered":"\t\t<div id=\"maxslider-block-a71511-4b\" class=\"wp-block-maxslider-slider maxslider-block-a71511-4b \">\n\t\t\t<div\n\tid=\"maxslider-1991\"\n\tclass=\"maxslider\"\n\tdata-autoslide=\"true\" data-effect=\"fade\" data-slide-speed=\"5000\" data-height=\"\" data-height_unit=\"px\" data-navigation=\"arrows\" data-navigation_fg_color=\"\" data-navigation_bg_color=\"\" data-image_size=\"maxslider_slide\" data-arrows=\"1\" data-arrows_fg_color=\"\" data-arrows_bg_color=\"\" >\n\t\t<div class=\"maxslider-slide maxslider-1991-slide-0\">\n\t\t<div class=\"maxslider-slide-content maxslider-align-center maxslider-align-middle\">\n\t\t\t<div class=\"maxslider-slide-content-pad\">\n\t\t\t\t\t\t\t\t\t<h3 class=\"maxslider-slide-title\">\n\t\t\t\t\t\tSur l&#8217;\u00cele du le Grand Bleu\t\t\t\t\t<\/h3>\n\t\t\t\t\n\t\t\t\t\n\t\t\t\t\t\t\t<\/div>\n\t\t<\/div>\n\t<\/div>\n\t<div class=\"maxslider-slide maxslider-1991-slide-1\">\n\t\t<div class=\"maxslider-slide-content maxslider-align-center maxslider-align-middle\">\n\t\t\t<div class=\"maxslider-slide-content-pad\">\n\t\t\t\t\t\t\t\t\t<h3 class=\"maxslider-slide-title\">\n\t\t\t\t\t\tD\u00e9couvrez le r\u00eave\t\t\t\t\t<\/h3>\n\t\t\t\t\n\t\t\t\t\n\t\t\t\t\t\t\t<\/div>\n\t\t<\/div>\n\t<\/div>\n\t<div class=\"maxslider-slide maxslider-1991-slide-2\">\n\t\t<div class=\"maxslider-slide-content maxslider-align-center maxslider-align-middle\">\n\t\t\t<div class=\"maxslider-slide-content-pad\">\n\t\t\t\t\t\t\t\t\t<h3 class=\"maxslider-slide-title\">\n\t\t\t\t\t\tVivez l&#8217;exp\u00e9rience\t\t\t\t\t<\/h3>\n\t\t\t\t\n\t\t\t\t\n\t\t\t\t\t\t\t<\/div>\n\t\t<\/div>\n\t<\/div>\n<\/div>\n\t\t<\/div>\n\t\t\n<h2 class=\"wp-block-heading\">NOMIKOS NIKOLAOS REAL ESTATE<\/h2>\n\n<p>Au bureau de Realamorgos, nous sommes fiers de continuer \u00e0 \u00eatre l&#8217;agence immobili\u00e8re de choix pour les personnes \u00e0 la recherche d&#8217;une propri\u00e9t\u00e9 sur l&#8217;\u00eele d&#8217;Amorgos et dans les Petites Cyclades. Si vous \u00eates \u00e0 la recherche de la meilleure propri\u00e9t\u00e9 \u00e0 Amorgos et dans les Petites Cyclades, Nomikos Nikolaos Real Estate est l\u00e0 pour vous aider, et nous avons des choix pour votre propri\u00e9t\u00e9 id\u00e9ale (villas, maisons de vacances, appartements, maisons de ville, maisons individuelles, projets de r\u00e9novation, nouvelles constructions, d\u00e9veloppements hors plan, terrains \u00e0 b\u00e2tir et propri\u00e9t\u00e9s commerciales, sur l&#8217;\u00eele d&#8217;Amorgos et dans les Petites Cyclades). Nous vous invitons \u00e0 consulter notre vaste portefeuille de propri\u00e9t\u00e9s \u00e0 vendre. Quoi que vous recherchiez, nous nous efforcerons de trouver la propri\u00e9t\u00e9 id\u00e9ale pour vous.  <\/p>\n\n<p>La soci\u00e9t\u00e9 immobili\u00e8re Nomikos Nikolaos est compos\u00e9e d&#8217;agents immobiliers experts qui g\u00e8rent des propri\u00e9t\u00e9s r\u00e9sidentielles et commerciales sur l&#8217;\u00eele d&#8217;Amorgos en Gr\u00e8ce.<\/p>\n\n<p>L&#8217;entreprise est \u00e9galement active dans le domaine de la construction, des permis de construire et des r\u00e9novations.  <\/p>\n\n<p>Avec plus de 10 ans d&#8217;exp\u00e9rience, notre soci\u00e9t\u00e9 garantit.. :<\/p>\n\n<ul class=\"wp-block-list\">\n<li>S\u00e9v\u00e9rit\u00e9<\/li>\n\n\n\n<li>Capacit\u00e9<\/li>\n\n\n\n<li>Coh\u00e9rence<\/li>\n\n\n\n<li>Faible co\u00fbt<\/li>\n\n\n\n<li>Des clients satisfaits<\/li>\n<\/ul>\n\n<p>Nous disposons \u00e9galement d&#8217;un d\u00e9partement juridique et fiscal, afin d&#8217;aider nos clients \u00e0 r\u00e9aliser une transaction immobili\u00e8re en Gr\u00e8ce, en prenant en charge toutes les proc\u00e9dures, afin de tirer profit de la loi grecque, en \u00e9vitant tout type de bureaucratie.<br\/><br\/>Pour ceux qui souhaitent combiner une propri\u00e9t\u00e9 en Gr\u00e8ce avec un permis de s\u00e9jour europ\u00e9en de 5 ans (Golden Visa), notre soci\u00e9t\u00e9 a les connaissances n\u00e9cessaires pour faire une offre unique pour un permis de s\u00e9jour europ\u00e9en, \u00e0 partir de seulement 250.000 \u20ac par personne.<\/p>\n\n<p><\/p>\n\n<h2 class=\"wp-block-heading\">A PROPOS DE L&#8217;ILE D&#8217;AMORGOS<\/h2>\n\n<p>Amorgos<a href=\"https:\/\/en.wikipedia.org\/wiki\/Greek_language\" target=\"_blank\" rel=\"noreferrer noopener\">(grec<\/a>: \u0391\u03bc\u03bf\u03c1\u03b3\u03cc\u03c2) est l&#8217;\u00eele la plus orientale du groupe d&#8217;\u00eeles <a href=\"https:\/\/en.wikipedia.org\/wiki\/Greece\" target=\"_blank\" rel=\"noreferrer noopener\">grecques<\/a> des <a href=\"https:\/\/en.wikipedia.org\/wiki\/Cyclades\" target=\"_blank\" rel=\"noreferrer noopener\">Cyclades<\/a>, et l&#8217;\u00eele la plus proche du groupe d&#8217;\u00eeles voisin du <a href=\"https:\/\/en.wikipedia.org\/wiki\/Dodecanese\" target=\"_blank\" rel=\"noreferrer noopener\">Dod\u00e9can\u00e8se<\/a>. Avec plusieurs \u00eelots voisins, dont le plus grand est l&#8217;\u00eele de Nikouria, elle constitue la <a href=\"https:\/\/en.wikipedia.org\/wiki\/Communities_and_Municipalities_of_Greece\" target=\"_blank\" rel=\"noreferrer noopener\">municipalit\u00e9 d&#8217;<\/a> Amorgos, qui a une superficie de 126,346 kilom\u00e8tres carr\u00e9s (48,782 miles carr\u00e9s) et une population de 1 973 habitants (recensement de 2011).<\/p>\n\n<p>En raison de sa position face aux anciennes plages des villes ioniennes, telles que Militos, Alikarnassos et Ephesos, Amorgos est devenue l&#8217;un des premiers lieux de passage des Ioniens vers les \u00eeles des Cyclades et vers le continent grec.<\/p>\n\n<p>Au cours de l&#8217;histoire, Amorgos a \u00e9galement \u00e9t\u00e9 connue sous les noms de Yperia, Patagy, ou Platagy, Pagali, Psichia et Karkisia.<\/p>\n\n<p>Amorgos pr\u00e9sente de nombreux vestiges d&#8217;anciennes civilisations. \u00c0 l&#8217;\u00e9poque de la Gr\u00e8ce archa\u00efque, il y avait trois cit\u00e9s-\u00c9tats ind\u00e9pendantes. Ils auraient \u00e9t\u00e9 dot\u00e9s de constitutions autonomes mais auraient eu la m\u00eame monnaie. Amorgos se distingue par la taille et la qualit\u00e9 des murs qui entourent la ville d&#8217;Arkesini, par les anciennes tours dont les vestiges sont diss\u00e9min\u00e9s sur toute l&#8217;\u00eele, par les anciennes tombes, les outils en pierre, les inscriptions, les vases et d&#8217;autres antiquit\u00e9s.<\/p>\n\n<p>Le nom Minoa laisse supposer qu&#8217;Amorgos a \u00e9t\u00e9 colonis\u00e9e par les Cr\u00e9tois d\u00e8s l&#8217;Antiquit\u00e9,[citation needed], mais aucun vestige arch\u00e9ologique ne vient \u00e9tayer ce point de vue.<\/p>\n\n<p><\/p>\n\n<p><strong>D\u00e9but de la p\u00e9riode cycladique<\/strong><\/p>\n\n<p>Figurine Dokathismata, Cycladique ancien II, phase Syros (2800-2300 av. J.-C.). Mus\u00e9e Goulandris d&#8217;art cycladique<\/p>\n\n<p>Pr\u00e8s d&#8217;une douzaine de centres habit\u00e9s distincts sont connus pour cette p\u00e9riode. Amorgos est \u00e0 l&#8217;origine de nombreuses figurines cycladiques c\u00e9l\u00e8bres. Les figurines &#8220;Dokathismata style&#8221; ont \u00e9t\u00e9 initialement trouv\u00e9es ici. Des sculptures cycladiques ont \u00e9t\u00e9 d\u00e9couvertes dans les cimeti\u00e8res d&#8217;Aghia Paraskevi, d&#8217;Aghios Pavlos, de Dokathismata, de Kapros, de Kapsala, de Nikouria et de Stavros.<\/p>\n\n<p>Les figurines cycladiques de Kapsala, datant d&#8217;environ 2700 avant J.-C., portent le nom d&#8217;un lieu de d\u00e9couverte \u00e0 Amorgos. Il s&#8217;agit du plus ancien des &#8220;types canoniques&#8221; &#8211; une femme allong\u00e9e aux bras crois\u00e9s. Ils ont tendance \u00e0 avoir des proportions sveltes et allong\u00e9es. \u00c0 cette \u00e9poque, les caract\u00e9ristiques anatomiques telles que les bras sont mod\u00e9lis\u00e9es en trois dimensions. Pour les types les plus tardifs, les sculpteurs ont eu tendance \u00e0 rendre cette caract\u00e9ristique par des lignes incis\u00e9es.<\/p>\n\n<p>Les &#8220;figurines cycladiques Dokathismata&#8221; datent d&#8217;une p\u00e9riode un peu plus tardive, de 2400 \u00e0 2100 av. Par rapport aux statuettes de type Spedos &#8211; le type de figurines le plus courant et le plus connu, aux formes finement model\u00e9es et quelque peu arrondies &#8211; les statuettes de type Dokathismata ont tendance \u00e0 avoir une silhouette plus \u00e9lanc\u00e9e et parfois anguleuse.<\/p>\n\n<p><\/p>\n\n<p><strong>P\u00e9riode classique<\/strong><\/p>\n\n<p><\/p>\n\n<p>Une partie de l&#8217;\u00eele porte le nom d&#8217;Aspis, o\u00f9 se trouvait l&#8217;ancien temple de la d\u00e9esse Aphrodite.<\/p>\n\n<p>Vers 630 avant J.-C., le po\u00e8te Semonides dirigea la fondation d&#8217;une colonie samienne sur l&#8217;\u00eele d&#8217;Amorgos. Le Periplus de Pseudo-Scylax la mentionne sous le nom de Tripolis. Au fil du temps, le nom de l&#8217;\u00eele est devenu Amolgon et Amourgon. Au Ve si\u00e8cle, l&#8217;\u00e9v\u00eaque Th\u00e9odore, qui a particip\u00e9 \u00e0 un synode \u00e0 Constantinople, a sign\u00e9 comme \u00e9v\u00eaque des Pariens, des Sifniens et des Amoulgiens. Elle \u00e9tait connue sous le nom de Yamurgi sous la domination ottomane entre 1566 et 1829.<\/p>\n\n<p>Le 9 juillet 1956, un tr\u00e8s grand tremblement de terre s&#8217;est produit et a g\u00e9n\u00e9r\u00e9 un tsunami local pouvant atteindre 30 m (98 pieds). Le choc avait une magnitude de 7,8 et une intensit\u00e9 maximale de IX (violente) selon Mercalli. Cinquante-trois personnes ont \u00e9t\u00e9 tu\u00e9es et 100 ont \u00e9t\u00e9 bless\u00e9es.<\/p>\n\n<p><strong>Points de rep\u00e8re<\/strong><\/p>\n\n<p>Le monast\u00e8re de Panagia Hozoviotissa est situ\u00e9 \u00e0 flanc de falaise, au nord-est de Chora. Il a \u00e9t\u00e9 construit au d\u00e9but du deuxi\u00e8me mill\u00e9naire pour prot\u00e9ger des intrus une ic\u00f4ne religieuse datant de l&#8217;an 812. L&#8217;ic\u00f4ne est expos\u00e9e publiquement \u00e0 l&#8217;int\u00e9rieur du monast\u00e8re. Ouverture aux visiteurs tous les jours de 8h00 \u00e0 13h00 et de 17h00 \u00e0 19h00. Les visiteurs doivent \u00eatre habill\u00e9s d\u00e9cemment pour entrer. Les hommes doivent porter des pantalons longs et les femmes une jupe ou un v\u00eatement enveloppant descendant jusqu&#8217;au genou, et non un pantalon. Il se peut toutefois que le changement se fasse sur le pantalon. En juillet 2012, le monast\u00e8re est actif et abrite trois moines pratiquants.<\/p>\n\n<p>Le tourisme se d\u00e9veloppe lentement, bien que les caract\u00e9ristiques de l&#8217;\u00eele emp\u00eachent le tourisme de masse. L&#8217;\u00eele n&#8217;est accessible que par bateau. Les trois principaux lieux d&#8217;h\u00e9bergement touristique sont Katapola, Aegiali et Chora. Les chemins de randonn\u00e9e sont relativement bien entretenus. Les autres activit\u00e9s sont la plong\u00e9e sous-marine, les activit\u00e9s li\u00e9es au bien-\u00eatre et les plages (bien qu&#8217;elles ne constituent pas la principale attraction de l&#8217;\u00eele par rapport \u00e0 d&#8217;autres \u00eeles grecques).<\/p>\n","protected":false},"excerpt":{"rendered":"<p>NOMIKOS NIKOLAOS REAL ESTATE Au bureau de Realamorgos, nous sommes fiers de continuer \u00e0 \u00eatre l&#8217;agence immobili\u00e8re de choix pour les personnes \u00e0 la recherche d&#8217;une propri\u00e9t\u00e9 sur l&#8217;\u00eele d&#8217;Amorgos et dans les Petites Cyclades. [&hellip;]<\/p>\n","protected":false},"author":1,"featured_media":0,"parent":0,"menu_order":0,"comment_status":"closed","ping_status":"closed","template":"","meta":{"footnotes":""},"class_list":["post-1926","page","type-page","status-publish","hentry"],"yoast_head":"<!-- This site is optimized with the Yoast SEO plugin v27.4 - https:\/\/yoast.com\/product\/yoast-seo-wordpress\/ -->\n<title>A propos de - Real Amorgos<\/title>\n<meta name=\"robots\" content=\"index, follow, max-snippet:-1, max-image-preview:large, max-video-preview:-1\" \/>\n<link rel=\"canonical\" href=\"https:\/\/www.realamorgos.gr\/fr\/about\/\" \/>\n<meta property=\"og:locale\" content=\"fr_FR\" \/>\n<meta property=\"og:type\" content=\"article\" \/>\n<meta property=\"og:title\" content=\"A propos de - Real Amorgos\" \/>\n<meta property=\"og:description\" content=\"NOMIKOS NIKOLAOS REAL ESTATE Au bureau de Realamorgos, nous sommes fiers de continuer \u00e0 \u00eatre l&#8217;agence immobili\u00e8re de choix pour les personnes \u00e0 la recherche d&#8217;une propri\u00e9t\u00e9 sur l&#8217;\u00eele d&#8217;Amorgos et dans les Petites Cyclades. [&hellip;]\" \/>\n<meta property=\"og:url\" content=\"https:\/\/www.realamorgos.gr\/fr\/about\/\" \/>\n<meta property=\"og:site_name\" content=\"Real Amorgos\" \/>\n<meta property=\"article:modified_time\" content=\"2023-12-03T19:09:29+00:00\" \/>\n<meta name=\"twitter:card\" content=\"summary_large_image\" \/>\n<meta name=\"twitter:label1\" content=\"Dur\u00e9e de lecture estim\u00e9e\" \/>\n\t<meta name=\"twitter:data1\" content=\"6 minutes\" \/>\n<script type=\"application\/ld+json\" class=\"yoast-schema-graph\">{\"@context\":\"https:\\\/\\\/schema.org\",\"@graph\":[{\"@type\":\"WebPage\",\"@id\":\"https:\\\/\\\/www.realamorgos.gr\\\/fr\\\/about\\\/\",\"url\":\"https:\\\/\\\/www.realamorgos.gr\\\/fr\\\/about\\\/\",\"name\":\"A propos de - Real Amorgos\",\"isPartOf\":{\"@id\":\"https:\\\/\\\/www.realamorgos.gr\\\/fr\\\/#website\"},\"datePublished\":\"2023-02-01T20:18:42+00:00\",\"dateModified\":\"2023-12-03T19:09:29+00:00\",\"breadcrumb\":{\"@id\":\"https:\\\/\\\/www.realamorgos.gr\\\/fr\\\/about\\\/#breadcrumb\"},\"inLanguage\":\"fr-FR\",\"potentialAction\":[{\"@type\":\"ReadAction\",\"target\":[\"https:\\\/\\\/www.realamorgos.gr\\\/fr\\\/about\\\/\"]}]},{\"@type\":\"BreadcrumbList\",\"@id\":\"https:\\\/\\\/www.realamorgos.gr\\\/fr\\\/about\\\/#breadcrumb\",\"itemListElement\":[{\"@type\":\"ListItem\",\"position\":1,\"name\":\"Home\",\"item\":\"https:\\\/\\\/www.realamorgos.gr\\\/fr\\\/\"},{\"@type\":\"ListItem\",\"position\":2,\"name\":\"A propos de\"}]},{\"@type\":\"WebSite\",\"@id\":\"https:\\\/\\\/www.realamorgos.gr\\\/fr\\\/#website\",\"url\":\"https:\\\/\\\/www.realamorgos.gr\\\/fr\\\/\",\"name\":\"Real Amorgos\",\"description\":\"Real Estate\",\"potentialAction\":[{\"@type\":\"SearchAction\",\"target\":{\"@type\":\"EntryPoint\",\"urlTemplate\":\"https:\\\/\\\/www.realamorgos.gr\\\/fr\\\/?s={search_term_string}\"},\"query-input\":{\"@type\":\"PropertyValueSpecification\",\"valueRequired\":true,\"valueName\":\"search_term_string\"}}],\"inLanguage\":\"fr-FR\"}]}<\/script>\n<!-- \/ Yoast SEO plugin. -->","yoast_head_json":{"title":"A propos de - Real Amorgos","robots":{"index":"index","follow":"follow","max-snippet":"max-snippet:-1","max-image-preview":"max-image-preview:large","max-video-preview":"max-video-preview:-1"},"canonical":"https:\/\/www.realamorgos.gr\/fr\/about\/","og_locale":"fr_FR","og_type":"article","og_title":"A propos de - Real Amorgos","og_description":"NOMIKOS NIKOLAOS REAL ESTATE Au bureau de Realamorgos, nous sommes fiers de continuer \u00e0 \u00eatre l&#8217;agence immobili\u00e8re de choix pour les personnes \u00e0 la recherche d&#8217;une propri\u00e9t\u00e9 sur l&#8217;\u00eele d&#8217;Amorgos et dans les Petites Cyclades. [&hellip;]","og_url":"https:\/\/www.realamorgos.gr\/fr\/about\/","og_site_name":"Real Amorgos","article_modified_time":"2023-12-03T19:09:29+00:00","twitter_card":"summary_large_image","twitter_misc":{"Dur\u00e9e de lecture estim\u00e9e":"6 minutes"},"schema":{"@context":"https:\/\/schema.org","@graph":[{"@type":"WebPage","@id":"https:\/\/www.realamorgos.gr\/fr\/about\/","url":"https:\/\/www.realamorgos.gr\/fr\/about\/","name":"A propos de - Real Amorgos","isPartOf":{"@id":"https:\/\/www.realamorgos.gr\/fr\/#website"},"datePublished":"2023-02-01T20:18:42+00:00","dateModified":"2023-12-03T19:09:29+00:00","breadcrumb":{"@id":"https:\/\/www.realamorgos.gr\/fr\/about\/#breadcrumb"},"inLanguage":"fr-FR","potentialAction":[{"@type":"ReadAction","target":["https:\/\/www.realamorgos.gr\/fr\/about\/"]}]},{"@type":"BreadcrumbList","@id":"https:\/\/www.realamorgos.gr\/fr\/about\/#breadcrumb","itemListElement":[{"@type":"ListItem","position":1,"name":"Home","item":"https:\/\/www.realamorgos.gr\/fr\/"},{"@type":"ListItem","position":2,"name":"A propos de"}]},{"@type":"WebSite","@id":"https:\/\/www.realamorgos.gr\/fr\/#website","url":"https:\/\/www.realamorgos.gr\/fr\/","name":"Real Amorgos","description":"Real Estate","potentialAction":[{"@type":"SearchAction","target":{"@type":"EntryPoint","urlTemplate":"https:\/\/www.realamorgos.gr\/fr\/?s={search_term_string}"},"query-input":{"@type":"PropertyValueSpecification","valueRequired":true,"valueName":"search_term_string"}}],"inLanguage":"fr-FR"}]}},"_links":{"self":[{"href":"https:\/\/www.realamorgos.gr\/fr\/wp-json\/wp\/v2\/pages\/1926","targetHints":{"allow":["GET"]}}],"collection":[{"href":"https:\/\/www.realamorgos.gr\/fr\/wp-json\/wp\/v2\/pages"}],"about":[{"href":"https:\/\/www.realamorgos.gr\/fr\/wp-json\/wp\/v2\/types\/page"}],"author":[{"embeddable":true,"href":"https:\/\/www.realamorgos.gr\/fr\/wp-json\/wp\/v2\/users\/1"}],"replies":[{"embeddable":true,"href":"https:\/\/www.realamorgos.gr\/fr\/wp-json\/wp\/v2\/comments?post=1926"}],"version-history":[{"count":6,"href":"https:\/\/www.realamorgos.gr\/fr\/wp-json\/wp\/v2\/pages\/1926\/revisions"}],"predecessor-version":[{"id":2209,"href":"https:\/\/www.realamorgos.gr\/fr\/wp-json\/wp\/v2\/pages\/1926\/revisions\/2209"}],"wp:attachment":[{"href":"https:\/\/www.realamorgos.gr\/fr\/wp-json\/wp\/v2\/media?parent=1926"}],"curies":[{"name":"wp","href":"https:\/\/api.w.org\/{rel}","templated":true}]}}